{"id":226,"date":"2023-01-10T01:46:03","date_gmt":"2023-01-10T01:46:03","guid":{"rendered":"https:\/\/gaviaspreview.com\/wp\/modins\/?page_id=226"},"modified":"2024-09-30T19:02:21","modified_gmt":"2024-09-30T17:02:21","slug":"get-a-quote","status":"publish","type":"page","link":"https:\/\/viriservices.com\/index.php\/get-a-quote\/","title":{"rendered":"Get a Quote"},"content":{"rendered":"\t\t<div data-elementor-type=\"wp-page\" data-elementor-id=\"226\" class=\"elementor elementor-226\">\n\t\t\t\t\t\t<div class=\"elementor-inner\">\n\t\t\t\t<div class=\"elementor-section-wrap\">\n\t\t\t\t\t\t\t\t\t<section class=\"elementor-section elementor-top-section elementor-element elementor-element-a7a1be2 elementor-section-full_width elementor-section-height-default elementor-section-height-default\" data-id=\"a7a1be2\" data-element_type=\"section\" data-settings=\"{&quot;background_background&quot;:&quot;classic&quot;}\">\n\t\t\t\t\t\t<div class=\"elementor-container elementor-column-gap-default\">\n\t\t\t\t\t\t\t<div class=\"elementor-row\">\n\t\t\t\t\t<div class=\"elementor-column elementor-col-100 elementor-top-column elementor-element elementor-element-a2a554a\" data-id=\"a2a554a\" data-element_type=\"column\">\n\t\t\t<div class=\"elementor-column-wrap elementor-element-populated\">\n\t\t\t\t\t\t\t<div class=\"elementor-widget-wrap\">\n\t\t\t\t\t\t<div class=\"elementor-element elementor-element-69b49ed elementor-widget elementor-widget-gva-tab-contact-form\" data-id=\"69b49ed\" data-element_type=\"widget\" data-widget_type=\"gva-tab-contact-form.default\">\n\t\t\t\t<div class=\"elementor-widget-container\">\n\t\t\t<div class=\"gva-element-gva-tab-contact-form gva-element\">\r\n\r\n   <div class=\"tabs-contact-two__single\">\r\n      <div class=\"tabs-contact-two__wrapper\">\r\n         <div class=\"tabs-contact-two__forms\">\r\n            \r\n            <div class=\"align-left style-1 widget gsc-heading auto-responsive tabs-contact-two__heading\">\r\n               <div class=\"content-inner\">\r\n                  <h2 class=\"title\"><span>Formul\u00e1r \u017eiadosti o \u00faver<\/span><\/h2>               <\/div>\r\n            <\/div>\r\n            <div class=\"tabs-contact-two__forms-inner\">\r\n               <ul class=\"nav tabs-contact-two__nav\" id=\"tabs-1110891030\" role=\"tablist\">\r\n                  <li class=\"tabs-contact-two__nav-item\" role=\"presentation\"><a class=\"tabs-contact-two__nav-link active\" data-bs-toggle=\"tab\" href=\"#\" data-bs-target=\"#tab-item-11108910301071\" role=\"tab\"><\/a><\/li>               <\/ul>   \r\n               <div class=\"tabs-contact-two__content tab-content\">\r\n                  <div class=\"tabs-contact-two__panel tab-pane fade  show active\" id=\"tab-item-11108910301071\" tabindex=\"1\">\n<div class=\"wpcf7 no-js\" id=\"wpcf7-f107-o1\" lang=\"en-US\" dir=\"ltr\">\n<div class=\"screen-reader-response\"><p role=\"status\" aria-live=\"polite\" aria-atomic=\"true\"><\/p> <ul><\/ul><\/div>\n<form action=\"\/index.php\/wp-json\/wp\/v2\/pages\/226#wpcf7-f107-o1\" method=\"post\" class=\"wpcf7-form init\" aria-label=\"Contact form\" novalidate=\"novalidate\" data-status=\"init\">\n<div style=\"display: none;\">\n<input type=\"hidden\" name=\"_wpcf7\" value=\"107\" \/>\n<input type=\"hidden\" name=\"_wpcf7_version\" value=\"5.7.4\" \/>\n<input type=\"hidden\" name=\"_wpcf7_locale\" value=\"en_US\" \/>\n<input type=\"hidden\" name=\"_wpcf7_unit_tag\" value=\"wpcf7-f107-o1\" \/>\n<input type=\"hidden\" name=\"_wpcf7_container_post\" value=\"0\" \/>\n<input type=\"hidden\" name=\"_wpcf7_posted_data_hash\" value=\"\" \/>\n<\/div>\n<div class=\"get-insurance__form\">\n   <div class=\"get-insurance__content\">\n      <div class=\"get-insurance__form-control\"><span class=\"wpcf7-form-control-wrap\" data-name=\"montant\"><input size=\"40\" class=\"wpcf7-form-control wpcf7-text wpcf7-validates-as-required\" aria-required=\"true\" aria-invalid=\"false\" placeholder=\"V\u00fd\u0161ka \u00faveru\" value=\"\" type=\"text\" name=\"montant\" \/><\/span><\/div>\n     <div class=\"get-insurance__form-control\"><span class=\"wpcf7-form-control-wrap\" data-name=\"duree\"><input size=\"40\" class=\"wpcf7-form-control wpcf7-text wpcf7-validates-as-required\" aria-required=\"true\" aria-invalid=\"false\" placeholder=\"Doba spl\u00e1cania\" value=\"\" type=\"text\" name=\"duree\" \/><\/span><\/div>\n     <div class=\"get-insurance__form-control\"><span class=\"wpcf7-form-control-wrap\" data-name=\"nom\"><input size=\"40\" class=\"wpcf7-form-control wpcf7-text wpcf7-validates-as-required\" aria-required=\"true\" aria-invalid=\"false\" placeholder=\"Meno a priezvisko\" value=\"\" type=\"text\" name=\"nom\" \/><\/span><\/div>\n   <div class=\"get-insurance__form-control\"><span class=\"wpcf7-form-control-wrap\" data-name=\"pays\"><input size=\"40\" class=\"wpcf7-form-control wpcf7-text wpcf7-validates-as-required\" aria-required=\"true\" aria-invalid=\"false\" placeholder=\"Va\u0161a krajina\" value=\"\" type=\"text\" name=\"pays\" \/><\/span><\/div>\n<\/div>\n      <div class=\"get-insurance__form-control\"><span class=\"wpcf7-form-control-wrap\" data-name=\"phone\"><input size=\"40\" class=\"wpcf7-form-control wpcf7-text wpcf7-tel wpcf7-validates-as-required wpcf7-validates-as-tel\" aria-required=\"true\" aria-invalid=\"false\" placeholder=\"Telef\u00f3n\" value=\"\" type=\"tel\" name=\"phone\" \/><\/span><\/div>\n      <div class=\"get-insurance__form-control\"><span class=\"wpcf7-form-control-wrap\" data-name=\"your-email\"><input size=\"40\" class=\"wpcf7-form-control wpcf7-text wpcf7-email wpcf7-validates-as-required wpcf7-validates-as-email\" aria-required=\"true\" aria-invalid=\"false\" placeholder=\"Email\" value=\"\" type=\"email\" name=\"your-email\" \/><\/span><\/div>\n       \n<\/div>\n<input class=\"wpcf7-form-control has-spinner wpcf7-submit\" type=\"submit\" value=\"Odosla\u0165 moju \u017eiados\u0165\" \/><p style=\"display: none !important;\"><label>&#916;<textarea name=\"_wpcf7_ak_hp_textarea\" cols=\"45\" rows=\"8\" maxlength=\"100\"><\/textarea><\/label><input type=\"hidden\" id=\"ak_js_1\" name=\"_wpcf7_ak_js\" value=\"78\"\/><script>document.getElementById( \"ak_js_1\" ).setAttribute( \"value\", ( new Date() ).getTime() );<\/script><\/p><div class=\"wpcf7-response-output\" aria-hidden=\"true\"><\/div>\n<\/form>\n<\/div>\n<\/div>               <\/div>\r\n            <\/div>   \r\n         <\/div>\r\n         <div class=\"tabs-contact-two__image\"><div class=\"tabs-contact-two__image-inner\"><img decoding=\"async\" src=\"https:\/\/viriservices.com\/wp-content\/plugins\/modins-themer\/elementor\/assets\/images\/image-7.png\" alt=\"Formul\u00e1r \u017eiadosti o \u00faver\"\/><\/div><\/div> \r\n      <\/div>   \r\n   <\/div>\r\n<\/div>\t\t<\/div>\n\t\t\t\t<\/div>\n\t\t\t\t\t\t<\/div>\n\t\t\t\t\t<\/div>\n\t\t<\/div>\n\t\t\t\t\t\t\t\t<\/div>\n\t\t\t\t\t<\/div>\n\t\t<\/section>\n\t\t\t\t\t\t\t\t\t<\/div>\n\t\t\t<\/div>\n\t\t\t\t\t<\/div>\n\t\t","protected":false},"excerpt":{"rendered":"<p>Formul\u00e1r \u017eiadosti o \u00faver &#916;<\/p>\n","protected":false},"author":1,"featured_media":0,"parent":0,"menu_order":0,"comment_status":"closed","ping_status":"closed","template":"","meta":{"footnotes":""},"class_list":["post-226","page","type-page","status-publish","hentry"],"_links":{"self":[{"href":"https:\/\/viriservices.com\/index.php\/wp-json\/wp\/v2\/pages\/226","targetHints":{"allow":["GET"]}}],"collection":[{"href":"https:\/\/viriservices.com\/index.php\/wp-json\/wp\/v2\/pages"}],"about":[{"href":"https:\/\/viriservices.com\/index.php\/wp-json\/wp\/v2\/types\/page"}],"author":[{"embeddable":true,"href":"https:\/\/viriservices.com\/index.php\/wp-json\/wp\/v2\/users\/1"}],"replies":[{"embeddable":true,"href":"https:\/\/viriservices.com\/index.php\/wp-json\/wp\/v2\/comments?post=226"}],"version-history":[{"count":12,"href":"https:\/\/viriservices.com\/index.php\/wp-json\/wp\/v2\/pages\/226\/revisions"}],"predecessor-version":[{"id":520,"href":"https:\/\/viriservices.com\/index.php\/wp-json\/wp\/v2\/pages\/226\/revisions\/520"}],"wp:attachment":[{"href":"https:\/\/viriservices.com\/index.php\/wp-json\/wp\/v2\/media?parent=226"}],"curies":[{"name":"wp","href":"https:\/\/api.w.org\/{rel}","templated":true}]}}